{"id":156,"date":"2022-03-20T17:17:33","date_gmt":"2022-03-20T16:17:33","guid":{"rendered":"http:\/\/decarbv4.org.uvirt120.active24.cz\/?page_id=156"},"modified":"2022-03-31T14:45:02","modified_gmt":"2022-03-31T12:45:02","slug":"uvod","status":"publish","type":"page","link":"https:\/\/v4decarb.org\/cs\/","title":{"rendered":"\u00davod"},"content":{"rendered":"<h1>Pom\u00e1h\u00e1me t\u011b\u017ek\u00e9mu pr\u016fmyslu na cest\u011b k uhl\u00edkov\u00e9 neutralit\u011b<span class=\"red\">.<\/span><\/h1>\n<p>Nulov\u00e9 emise uhl\u00edku z pr\u016fmyslu ve Visegr\u00e1dsk\u00e9 \u010dty\u0159ce do roku 2050<\/p>\n<p><a class=\"btn\" href=\"https:\/\/v4decarb.org\/cs\/o-nas\/\">Zobrazit v\u00edce<\/a><\/p>\n","protected":false},"excerpt":{"rendered":"<p>Pom\u00e1h\u00e1me t\u011b\u017ek\u00e9mu pr\u016fmyslu na cest\u011b k uhl\u00edkov\u00e9 neutralit\u011b. Nulov\u00e9 emise uhl\u00edku z pr\u016fmyslu ve Visegr\u00e1dsk\u00e9 \u010dty\u0159ce do roku 2050 Zobrazit v\u00edce<\/p>\n","protected":false},"author":1,"featured_media":21,"parent":0,"menu_order":1,"comment_status":"closed","ping_status":"open","template":"","meta":{"footnotes":""},"acf":[],"_links":{"self":[{"href":"https:\/\/v4decarb.org\/cs\/wp-json\/wp\/v2\/pages\/156"}],"collection":[{"href":"https:\/\/v4decarb.org\/cs\/wp-json\/wp\/v2\/pages"}],"about":[{"href":"https:\/\/v4decarb.org\/cs\/wp-json\/wp\/v2\/types\/page"}],"author":[{"embeddable":true,"href":"https:\/\/v4decarb.org\/cs\/wp-json\/wp\/v2\/users\/1"}],"replies":[{"embeddable":true,"href":"https:\/\/v4decarb.org\/cs\/wp-json\/wp\/v2\/comments?post=156"}],"version-history":[{"count":17,"href":"https:\/\/v4decarb.org\/cs\/wp-json\/wp\/v2\/pages\/156\/revisions"}],"predecessor-version":[{"id":325,"href":"https:\/\/v4decarb.org\/cs\/wp-json\/wp\/v2\/pages\/156\/revisions\/325"}],"wp:featuredmedia":[{"embeddable":true,"href":"https:\/\/v4decarb.org\/cs\/wp-json\/wp\/v2\/media\/21"}],"wp:attachment":[{"href":"https:\/\/v4decarb.org\/cs\/wp-json\/wp\/v2\/media?parent=156"}],"curies":[{"name":"wp","href":"https:\/\/api.w.org\/{rel}","templated":true}]}}