{"id":355,"date":"2022-03-23T22:29:23","date_gmt":"2022-03-23T21:29:23","guid":{"rendered":"http:\/\/decarbv4.org.uvirt120.active24.cz\/esemenyek\/"},"modified":"2022-03-23T22:29:23","modified_gmt":"2022-03-23T21:29:23","slug":"esemenyek","status":"publish","type":"page","link":"https:\/\/v4decarb.org\/hu\/esemenyek\/","title":{"rendered":"Esem\u00e9nyek"},"content":{"rendered":"<p>A projekt bevonja az \u00e9rintetteket  a r\u00e9gi\u00f3 minden ter\u00fclet\u00e9r\u0151l. \u00d6sszehozzuk az \u00fczleti k\u00f6z\u00f6ss\u00e9get, az ipari kamar\u00e1kat \u00e9s a k\u00f6zszf\u00e9r\u00e1t.<\/p>\n","protected":false},"excerpt":{"rendered":"<p>A projekt bevonja az \u00e9rintetteket a r\u00e9gi\u00f3 minden ter\u00fclet\u00e9r\u0151l. \u00d6sszehozzuk az \u00fczleti k\u00f6z\u00f6ss\u00e9get, az ipari kamar\u00e1kat \u00e9s a k\u00f6zszf\u00e9r\u00e1t.<\/p>\n","protected":false},"author":1,"featured_media":0,"parent":0,"menu_order":32,"comment_status":"closed","ping_status":"closed","template":"templates\/template-events.php","meta":{"footnotes":""},"acf":[],"_links":{"self":[{"href":"https:\/\/v4decarb.org\/hu\/wp-json\/wp\/v2\/pages\/355"}],"collection":[{"href":"https:\/\/v4decarb.org\/hu\/wp-json\/wp\/v2\/pages"}],"about":[{"href":"https:\/\/v4decarb.org\/hu\/wp-json\/wp\/v2\/types\/page"}],"author":[{"embeddable":true,"href":"https:\/\/v4decarb.org\/hu\/wp-json\/wp\/v2\/users\/1"}],"replies":[{"embeddable":true,"href":"https:\/\/v4decarb.org\/hu\/wp-json\/wp\/v2\/comments?post=355"}],"version-history":[{"count":0,"href":"https:\/\/v4decarb.org\/hu\/wp-json\/wp\/v2\/pages\/355\/revisions"}],"wp:attachment":[{"href":"https:\/\/v4decarb.org\/hu\/wp-json\/wp\/v2\/media?parent=355"}],"curies":[{"name":"wp","href":"https:\/\/api.w.org\/{rel}","templated":true}]}}