{"id":158,"date":"2022-03-20T17:17:33","date_gmt":"2022-03-20T16:17:33","guid":{"rendered":"http:\/\/decarbv4.org.uvirt120.active24.cz\/?page_id=158"},"modified":"2022-05-12T15:30:11","modified_gmt":"2022-05-12T13:30:11","slug":"uvod-polski","status":"publish","type":"page","link":"https:\/\/v4decarb.org\/pl\/","title":{"rendered":"\u00davod"},"content":{"rendered":"<h1>Prowadzimy przemys\u0142 ci\u0119\u017cki ku zerowej emisyjno\u015bci<span class=\"red\">.<\/span><\/h1>\n<p>Zerowa emisyjno\u015b\u0107 przemys\u0142u w krajach Grupy Wyszehradzkiej do 2050 roku.<\/p>\n<p><a class=\"btn\" href=\"\/pl\/o-nas\/\">O nas<\/a><\/p>\n","protected":false},"excerpt":{"rendered":"<p>Prowadzimy przemys\u0142 ci\u0119\u017cki ku zerowej emisyjno\u015bci. Zerowa emisyjno\u015b\u0107 przemys\u0142u w krajach Grupy Wyszehradzkiej do 2050 roku. O nas<\/p>\n","protected":false},"author":1,"featured_media":23,"parent":0,"menu_order":1,"comment_status":"closed","ping_status":"open","template":"","meta":{"footnotes":""},"acf":[],"_links":{"self":[{"href":"https:\/\/v4decarb.org\/pl\/wp-json\/wp\/v2\/pages\/158"}],"collection":[{"href":"https:\/\/v4decarb.org\/pl\/wp-json\/wp\/v2\/pages"}],"about":[{"href":"https:\/\/v4decarb.org\/pl\/wp-json\/wp\/v2\/types\/page"}],"author":[{"embeddable":true,"href":"https:\/\/v4decarb.org\/pl\/wp-json\/wp\/v2\/users\/1"}],"replies":[{"embeddable":true,"href":"https:\/\/v4decarb.org\/pl\/wp-json\/wp\/v2\/comments?post=158"}],"version-history":[{"count":8,"href":"https:\/\/v4decarb.org\/pl\/wp-json\/wp\/v2\/pages\/158\/revisions"}],"predecessor-version":[{"id":629,"href":"https:\/\/v4decarb.org\/pl\/wp-json\/wp\/v2\/pages\/158\/revisions\/629"}],"wp:featuredmedia":[{"embeddable":true,"href":"https:\/\/v4decarb.org\/pl\/wp-json\/wp\/v2\/media\/23"}],"wp:attachment":[{"href":"https:\/\/v4decarb.org\/pl\/wp-json\/wp\/v2\/media?parent=158"}],"curies":[{"name":"wp","href":"https:\/\/api.w.org\/{rel}","templated":true}]}}