{"id":394,"date":"2022-03-23T22:28:55","date_gmt":"2022-03-23T21:28:55","guid":{"rendered":"http:\/\/decarbv4.org.uvirt120.active24.cz\/blog\/"},"modified":"2022-05-11T14:41:49","modified_gmt":"2022-05-11T12:41:49","slug":"blog","status":"publish","type":"page","link":"https:\/\/v4decarb.org\/pl\/blog\/","title":{"rendered":"Blog"},"content":{"rendered":"<p>Nasze briefy i analizy poruszaj\u0105 tematy zwi\u0105zane z dekarbonizacj\u0105 i zr\u00f3wnowa\u017conym rozwojem.<\/p>\n","protected":false},"excerpt":{"rendered":"<p>Nasze briefy i analizy poruszaj\u0105 tematy zwi\u0105zane z dekarbonizacj\u0105 i zr\u00f3wnowa\u017conym rozwojem.<\/p>\n","protected":false},"author":1,"featured_media":0,"parent":0,"menu_order":27,"comment_status":"closed","ping_status":"closed","template":"templates\/template-insights.php","meta":{"footnotes":""},"acf":[],"_links":{"self":[{"href":"https:\/\/v4decarb.org\/pl\/wp-json\/wp\/v2\/pages\/394"}],"collection":[{"href":"https:\/\/v4decarb.org\/pl\/wp-json\/wp\/v2\/pages"}],"about":[{"href":"https:\/\/v4decarb.org\/pl\/wp-json\/wp\/v2\/types\/page"}],"author":[{"embeddable":true,"href":"https:\/\/v4decarb.org\/pl\/wp-json\/wp\/v2\/users\/1"}],"replies":[{"embeddable":true,"href":"https:\/\/v4decarb.org\/pl\/wp-json\/wp\/v2\/comments?post=394"}],"version-history":[{"count":1,"href":"https:\/\/v4decarb.org\/pl\/wp-json\/wp\/v2\/pages\/394\/revisions"}],"predecessor-version":[{"id":612,"href":"https:\/\/v4decarb.org\/pl\/wp-json\/wp\/v2\/pages\/394\/revisions\/612"}],"wp:attachment":[{"href":"https:\/\/v4decarb.org\/pl\/wp-json\/wp\/v2\/media?parent=394"}],"curies":[{"name":"wp","href":"https:\/\/api.w.org\/{rel}","templated":true}]}}