{"id":160,"date":"2022-03-20T17:17:33","date_gmt":"2022-03-20T16:17:33","guid":{"rendered":"http:\/\/decarbv4.org.uvirt120.active24.cz\/?page_id=160"},"modified":"2022-03-31T15:05:05","modified_gmt":"2022-03-31T13:05:05","slug":"uvod-slovak","status":"publish","type":"page","link":"https:\/\/v4decarb.org\/sk\/","title":{"rendered":"\u00davod"},"content":{"rendered":"<h1>Pom\u00e1hame \u0165a\u017ek\u00e9mu priemyslu na ceste k uhl\u00edkovej neutralite<span class=\"red\">.<\/span><\/h1>\n<p>Nulov\u00e9 emisie uhl\u00edka z priemyslu vo Visegr\u00e1dskej \u0161tvorke do roku 2050<\/p>\n<p><a class=\"btn\" href=\"\/sk\/o-nas\/\">Zobrazi\u0165 viac<\/a><\/p>\n","protected":false},"excerpt":{"rendered":"<p>Pom\u00e1hame \u0165a\u017ek\u00e9mu priemyslu na ceste k uhl\u00edkovej neutralite. Nulov\u00e9 emisie uhl\u00edka z priemyslu vo Visegr\u00e1dskej \u0161tvorke do roku 2050 Zobrazi\u0165 viac<\/p>\n","protected":false},"author":1,"featured_media":24,"parent":0,"menu_order":1,"comment_status":"closed","ping_status":"open","template":"","meta":{"footnotes":""},"acf":[],"_links":{"self":[{"href":"https:\/\/v4decarb.org\/sk\/wp-json\/wp\/v2\/pages\/160"}],"collection":[{"href":"https:\/\/v4decarb.org\/sk\/wp-json\/wp\/v2\/pages"}],"about":[{"href":"https:\/\/v4decarb.org\/sk\/wp-json\/wp\/v2\/types\/page"}],"author":[{"embeddable":true,"href":"https:\/\/v4decarb.org\/sk\/wp-json\/wp\/v2\/users\/1"}],"replies":[{"embeddable":true,"href":"https:\/\/v4decarb.org\/sk\/wp-json\/wp\/v2\/comments?post=160"}],"version-history":[{"count":4,"href":"https:\/\/v4decarb.org\/sk\/wp-json\/wp\/v2\/pages\/160\/revisions"}],"predecessor-version":[{"id":326,"href":"https:\/\/v4decarb.org\/sk\/wp-json\/wp\/v2\/pages\/160\/revisions\/326"}],"wp:featuredmedia":[{"embeddable":true,"href":"https:\/\/v4decarb.org\/sk\/wp-json\/wp\/v2\/media\/24"}],"wp:attachment":[{"href":"https:\/\/v4decarb.org\/sk\/wp-json\/wp\/v2\/media?parent=160"}],"curies":[{"name":"wp","href":"https:\/\/api.w.org\/{rel}","templated":true}]}}